{"id":1789,"date":"2015-11-27T16:59:22","date_gmt":"2015-11-27T16:59:22","guid":{"rendered":"http:\/\/themes.webdevia.com\/solar-wp\/?page_id=6"},"modified":"2024-10-26T10:58:16","modified_gmt":"2024-10-26T10:58:16","slug":"about-us","status":"publish","type":"page","link":"https:\/\/lidhjaparket.com\/sq\/about-us\/","title":{"rendered":"Rreth nesh"},"content":{"rendered":"<div class=\"wpb-content-wrapper\"><div class=\"vc_row wpb_row vc_row-fluid vc_custom_1464980455176\"><div class=\"wpb_column vc_column_container vc_col-sm-12\"><div class=\"vc_column-inner\"><div class=\"wpb_wrapper\">\r\n\r\n<div class=\"\" >\r\n  <div class=\"large-12 columns  wd-title-section_c\" >\r\n\r\n      <h2 >KRIJIMI I HISTORIS\u00cb P\u00cbRMES DRURIT<\/h2>\r\n        <h5 ><\/h5>\r\n    \r\n  <\/div>\r\n<\/div>\r\n\r\n  \r\n<\/div><\/div><\/div><\/div><div class=\"vc_row wpb_row vc_row-fluid vc_custom_1451949798661\"><div class=\"wpb_column vc_column_container vc_col-sm-6\"><div class=\"vc_column-inner\"><div class=\"wpb_wrapper\">\n\t<div  class=\"wpb_single_image wpb_content_element vc_align_left\">\n\t\t\n\t\t<figure class=\"wpb_wrapper vc_figure\">\n\t\t\t<div class=\"vc_single_image-wrapper   vc_box_border_grey\"><img decoding=\"async\" class=\"vc_single_image-img\" src=\"https:\/\/lidhjaparket.com\/wp-content\/uploads\/2024\/10\/viti_1934-570x370.png\" width=\"570\" height=\"370\" alt=\"viti_1934\" title=\"viti_1934\" loading=\"lazy\" \/><\/div>\n\t\t<\/figure>\n\t<\/div>\n\r\n\r\n<div class=\"wd_empty_space\" data-heightmobile=\"10\" data-heighttablet=\"20\" data-heightdesktop=\"50\">\r\n\r\n<\/div>\r\n      \r\n\r\n\r\n\r\n        \r\n      \r\n    <\/div><\/div><\/div><div class=\"wpb_column vc_column_container vc_col-sm-6\"><div class=\"vc_column-inner vc_custom_1493895657023\"><div class=\"wpb_wrapper\">\n\t<div class=\"wpb_text_column wpb_content_element\" >\n\t\t<div class=\"wpb_wrapper\">\n\t\t\t<div class=\"wd-title-block\">\n<h2>1934<\/h2>\n<\/div>\n<h5 class=\"translation-block\">N\u00eb vitin 1934, n\u00eb nj\u00eb qytet t\u00eb vog\u00ebl, nj\u00eb histori e ve\u00e7ant\u00eb filloi t\u00eb shkruhej.\nFamilja e respektuar Zeneli nisi pun\u00ebn e tyre me drurin, duke themeluar nj\u00eb pun\u00ebtori t\u00eb vog\u00ebl, th\u00ebn\u00eb ndryshe filloi pun\u00ebn z. Shaban Zeneli me nj\u00eb mini fabrik\u00eb, e cila do t\u00eb b\u00ebhej nj\u00eb sinonim i cil\u00ebsis\u00eb dhe tradit\u00ebs p\u00ebr p\u00ebrpunimin dhe mir\u00ebmbajtjen e drurit.<\/h5>\n\n\t\t<\/div>\n\t<\/div>\n<\/div><\/div><\/div><\/div><div class=\"vc_row wpb_row vc_row-fluid vc_custom_1451949798661\"><div class=\"wpb_column vc_column_container vc_col-sm-6\"><div class=\"vc_column-inner vc_custom_1493895657023\"><div class=\"wpb_wrapper\">\n\t<div class=\"wpb_text_column wpb_content_element\" >\n\t\t<div class=\"wpb_wrapper\">\n\t\t\t<h2 class=\"wd-title-block\">1945<\/h2>\n<h5 class=\"translation-block\">U b\u00eb e njohur me emrin fabrika \"Pinter\" dhe u dallua dhe specializua n\u00eb prodhimin e barelave, pastaj edhe dyerve dhe dritareve. Nj\u00eb veprimtari e till\u00eb vazhdoi me dhjetra vite dhe arriti q\u00eb me sh\u00ebrbimin cil\u00ebsor ta ruaj dhe forcoj\u00eb ekzistenc\u00ebn e saj. Tregohet se barelat ose fuqit apo si\u00e7 njihet n\u00eb zhargonin popullor KACAT E RASOIT, e mjeshtrit t\u00eb \u201cPinterit\u201d ishin m\u00eb t\u00eb k\u00ebrkuarat n\u00eb treg\u00eb, sa q\u00eb nuk shitej asnj\u00eb barel\u00eb ose kac\u00eb-fuqi e mjesht\u00ebrve tjer\u00eb derisa shiteshin t\u00eb gjitha barelat e \u201cPinterit.<\/h5>\n\n\t\t<\/div>\n\t<\/div>\n<\/div><\/div><\/div><div class=\"wpb_column vc_column_container vc_col-sm-6\"><div class=\"vc_column-inner\"><div class=\"wpb_wrapper\">\n\t<div  class=\"wpb_single_image wpb_content_element vc_align_left\">\n\t\t\n\t\t<figure class=\"wpb_wrapper vc_figure\">\n\t\t\t<div class=\"vc_single_image-wrapper   vc_box_border_grey\"><img decoding=\"async\" class=\"vc_single_image-img\" src=\"https:\/\/lidhjaparket.com\/wp-content\/uploads\/2024\/10\/viti_1945-570x370.png\" width=\"570\" height=\"370\" alt=\"viti_1945\" title=\"viti_1945\" loading=\"lazy\" \/><\/div>\n\t\t<\/figure>\n\t<\/div>\n\r\n\r\n<div class=\"wd_empty_space\" data-heightmobile=\"10\" data-heighttablet=\"20\" data-heightdesktop=\"50\">\r\n\r\n<\/div>\r\n      \r\n\r\n\r\n\r\n        \r\n      \r\n    <\/div><\/div><\/div><\/div><div class=\"vc_row wpb_row vc_row-fluid vc_custom_1451949798661\"><div class=\"wpb_column vc_column_container vc_col-sm-6\"><div class=\"vc_column-inner\"><div class=\"wpb_wrapper\">\n\t<div  class=\"wpb_single_image wpb_content_element vc_align_left\">\n\t\t\n\t\t<figure class=\"wpb_wrapper vc_figure\">\n\t\t\t<div class=\"vc_single_image-wrapper   vc_box_border_grey\"><img decoding=\"async\" class=\"vc_single_image-img\" src=\"https:\/\/lidhjaparket.com\/wp-content\/uploads\/2024\/10\/viti_1964-570x370.png\" width=\"570\" height=\"370\" alt=\"viti_1964\" title=\"viti_1964\" loading=\"lazy\" \/><\/div>\n\t\t<\/figure>\n\t<\/div>\n\r\n\r\n<div class=\"wd_empty_space\" data-heightmobile=\"10\" data-heighttablet=\"20\" data-heightdesktop=\"50\">\r\n\r\n<\/div>\r\n      \r\n\r\n\r\n\r\n        \r\n      \r\n    <\/div><\/div><\/div><div class=\"wpb_column vc_column_container vc_col-sm-6\"><div class=\"vc_column-inner vc_custom_1493895657023\"><div class=\"wpb_wrapper\">\n\t<div class=\"wpb_text_column wpb_content_element\" >\n\t\t<div class=\"wpb_wrapper\">\n\t\t\t<h2 class=\"wd-title-block\">1964<\/h2>\n<h5 class=\"translation-block\">Me kalimin e koh\u00ebs, pik\u00ebrisht n\u00eb vitin 1964, i biri i themeluesit t\u00eb fabrik\u00ebs \u201cPinter\u201d z. Sadik Zeneli, mori drejtimin e k\u00ebtij biznesi familjar t\u00eb Familjes Zeneli. Filloi nj\u00eb kapitull i ri p\u00ebr \"Pinter\". U zgjerua gama e tyre n\u00eb llojet e produkteve nga druri. Tani \u201cPinter\u201d kishte filluar prodhimin e hamar\u00ebve dhe dyerve t\u00eb oborrit, n\u00eb k\u00ebt\u00eb m\u00ebnyr\u00eb u thellua edhe m\u00eb shum\u00eb lidhja e k\u00ebsaj mini fabrike me fush\u00ebn e p\u00ebrpunimit dhe p\u00ebrdorimit t\u00eb drurit dhe me rritjen e p\u00ebrvoj\u00ebs s\u00eb tyre n\u00eb k\u00ebt\u00eb drejtim.<\/h5>\n\n\t\t<\/div>\n\t<\/div>\n<\/div><\/div><\/div><\/div><div class=\"vc_row wpb_row vc_row-fluid vc_custom_1451949798661\"><div class=\"wpb_column vc_column_container vc_col-sm-6\"><div class=\"vc_column-inner vc_custom_1493895657023\"><div class=\"wpb_wrapper\">\n\t<div class=\"wpb_text_column wpb_content_element\" >\n\t\t<div class=\"wpb_wrapper\">\n\t\t\t<h2 class=\"wd-title-block\">1998-1999<\/h2>\n<h5 class=\"translation-block\">Lufta e fundit n\u00eb Kosov\u00eb 1998-1999 shkaktoi d\u00ebme\nn\u00eb t\u00ebr\u00eb hapsir\u00ebn e k\u00ebtij vendi. Fabrika \u201cPINTER\u201d kishte p\u00ebsuar e t\u00ebra, ishin djegur dhe asgj\u00ebsuar t\u00eb gjitha mjetet p\u00ebr p\u00ebrpunimin e drurit.<\/h5>\n\n\t\t<\/div>\n\t<\/div>\n<\/div><\/div><\/div><div class=\"wpb_column vc_column_container vc_col-sm-6\"><div class=\"vc_column-inner\"><div class=\"wpb_wrapper\">\n\t<div  class=\"wpb_single_image wpb_content_element vc_align_left\">\n\t\t\n\t\t<figure class=\"wpb_wrapper vc_figure\">\n\t\t\t<div class=\"vc_single_image-wrapper   vc_box_border_grey\"><img decoding=\"async\" class=\"vc_single_image-img\" src=\"https:\/\/lidhjaparket.com\/wp-content\/uploads\/2024\/10\/viti_1998-1999-570x370.png\" width=\"570\" height=\"370\" alt=\"viti_1998-1999\" title=\"viti_1998-1999\" loading=\"lazy\" \/><\/div>\n\t\t<\/figure>\n\t<\/div>\n\r\n\r\n<div class=\"wd_empty_space\" data-heightmobile=\"10\" data-heighttablet=\"20\" data-heightdesktop=\"50\">\r\n\r\n<\/div>\r\n      \r\n\r\n\r\n\r\n        \r\n      \r\n    <\/div><\/div><\/div><\/div><div class=\"vc_row wpb_row vc_row-fluid vc_custom_1451949798661\"><div class=\"wpb_column vc_column_container vc_col-sm-6\"><div class=\"vc_column-inner\"><div class=\"wpb_wrapper\">\n\t<div  class=\"wpb_single_image wpb_content_element vc_align_left\">\n\t\t\n\t\t<figure class=\"wpb_wrapper vc_figure\">\n\t\t\t<div class=\"vc_single_image-wrapper   vc_box_border_grey\"><img decoding=\"async\" class=\"vc_single_image-img\" src=\"https:\/\/lidhjaparket.com\/wp-content\/uploads\/2024\/10\/viti_2000-570x370.png\" width=\"570\" height=\"370\" alt=\"viti_2000\" title=\"viti_2000\" loading=\"lazy\" \/><\/div>\n\t\t<\/figure>\n\t<\/div>\n\r\n\r\n<div class=\"wd_empty_space\" data-heightmobile=\"10\" data-heighttablet=\"20\" data-heightdesktop=\"50\">\r\n\r\n<\/div>\r\n      \r\n\r\n\r\n\r\n        \r\n      \r\n    <\/div><\/div><\/div><div class=\"wpb_column vc_column_container vc_col-sm-6\"><div class=\"vc_column-inner vc_custom_1493895657023\"><div class=\"wpb_wrapper\">\n\t<div class=\"wpb_text_column wpb_content_element\" >\n\t\t<div class=\"wpb_wrapper\">\n\t\t\t<h2 class=\"wd-title-block\">2000<\/h2>\n<h5 class=\"translation-block\">Viti 2000 ishte viti i kthes\u00ebs s\u00eb re historike i tradit\u00ebs s\u00eb Familjes Zeneli. N\u00eb k\u00ebt\u00eb vit u morr nj\u00eb vendim i guximsh\u00ebm i vizionar\u00ebve t\u00eb rinj. Ishte i biri i vet\u00ebm i z. Sadikut, z. Sabri Zeneli, i cili vendosi ta zgjeroj\u00eb veprimtarin\u00eb dhe ta thelloj\u00eb edhe m\u00eb shum\u00eb dashurin\u00eb me druririn dhe p\u00ebrpunimin e tij. Ky vendim \u00e7oi n\u00eb nj\u00eb transformim t\u00eb madh. Fabrika u rind\u00ebrtua, u pajis me mjete t\u00eb koh\u00ebs dhe ndryshoi em\u00ebrtimin nga ai \u201cPINTER\u201d n\u00eb \"LIDHJA PARKET\u201d, duke qen\u00eb ky fillimi i nj\u00eb epoke t\u00eb re n\u00eb prodhimin e parketit.<\/h5>\n\n\t\t<\/div>\n\t<\/div>\n<\/div><\/div><\/div><\/div><div class=\"vc_row wpb_row vc_row-fluid vc_custom_1451949798661\"><div class=\"wpb_column vc_column_container vc_col-sm-6\"><div class=\"vc_column-inner vc_custom_1493895657023\"><div class=\"wpb_wrapper\">\n\t<div class=\"wpb_text_column wpb_content_element\" >\n\t\t<div class=\"wpb_wrapper\">\n\t\t\t<h2 class=\"wd-title-block\">2024<\/h2>\n<h5 class=\"translation-block\">Modernizimi edhe m\u00eb i madh dhe pajisja me teknologji t\u00eb koh\u00ebs vazhdoi dhe vazhdon edhe sot e k\u00ebsaj dite. Sot, \" Lidhja Parquet \" \u00ebsht\u00eb nj\u00eb lider n\u00eb tregun e parketit n\u00eb vend dhe m\u00eb gjer\u00eb, duke ofruar parketin m\u00eb t\u00eb mir\u00eb t\u00eb cil\u00ebsis\u00eb nga druri i bungut, dhe vazhdon t\u00eb mbetet nj\u00eb simbol i cil\u00ebsis\u00eb, inovacionit dhe tradit\u00ebs s\u00eb lasht\u00eb t\u00eb pun\u00ebs dhe p\u00ebrpunimit t\u00eb drurit.<\/h5>\n\n\t\t<\/div>\n\t<\/div>\n<\/div><\/div><\/div><div class=\"wpb_column vc_column_container vc_col-sm-6\"><div class=\"vc_column-inner\"><div class=\"wpb_wrapper\">\n\t<div  class=\"wpb_single_image wpb_content_element vc_align_left\">\n\t\t\n\t\t<figure class=\"wpb_wrapper vc_figure\">\n\t\t\t<div class=\"vc_single_image-wrapper   vc_box_border_grey\"><img decoding=\"async\" class=\"vc_single_image-img\" src=\"https:\/\/lidhjaparket.com\/wp-content\/uploads\/2024\/10\/viti_2024-570x370.png\" width=\"570\" height=\"370\" alt=\"viti_2024\" title=\"viti_2024\" loading=\"lazy\" \/><\/div>\n\t\t<\/figure>\n\t<\/div>\n\r\n\r\n<div class=\"wd_empty_space\" data-heightmobile=\"10\" data-heighttablet=\"20\" data-heightdesktop=\"50\">\r\n\r\n<\/div>\r\n      \r\n\r\n\r\n\r\n        \r\n      \r\n    <\/div><\/div><\/div><\/div>\n<\/div>","protected":false},"excerpt":{"rendered":"CRAFTING HISTORY THROUGH WOOD 1934 In 1934, in a small town, a unique story began to be written. The respected Zeneli family started their work with wood, founding a small workshop, or rather Mr. Shaban Zeneli began his work with a mini-factory, which would become a synonym for quality and tradition in wood processing and [...]","protected":false},"author":1,"featured_media":0,"parent":0,"menu_order":0,"comment_status":"closed","ping_status":"closed","template":"","meta":{"footnotes":""},"class_list":["post-1789","page","type-page","status-publish","hentry"],"_links":{"self":[{"href":"https:\/\/lidhjaparket.com\/sq\/wp-json\/wp\/v2\/pages\/1789","targetHints":{"allow":["GET"]}}],"collection":[{"href":"https:\/\/lidhjaparket.com\/sq\/wp-json\/wp\/v2\/pages"}],"about":[{"href":"https:\/\/lidhjaparket.com\/sq\/wp-json\/wp\/v2\/types\/page"}],"author":[{"embeddable":true,"href":"https:\/\/lidhjaparket.com\/sq\/wp-json\/wp\/v2\/users\/1"}],"replies":[{"embeddable":true,"href":"https:\/\/lidhjaparket.com\/sq\/wp-json\/wp\/v2\/comments?post=1789"}],"version-history":[{"count":7,"href":"https:\/\/lidhjaparket.com\/sq\/wp-json\/wp\/v2\/pages\/1789\/revisions"}],"predecessor-version":[{"id":1999,"href":"https:\/\/lidhjaparket.com\/sq\/wp-json\/wp\/v2\/pages\/1789\/revisions\/1999"}],"wp:attachment":[{"href":"https:\/\/lidhjaparket.com\/sq\/wp-json\/wp\/v2\/media?parent=1789"}],"curies":[{"name":"wp","href":"https:\/\/api.w.org\/{rel}","templated":true}]}}